{"id":9,"date":"2019-11-23T14:00:06","date_gmt":"2019-11-23T13:00:06","guid":{"rendered":"http:\/\/taconseils.fr\/?page_id=9"},"modified":"2022-04-19T12:25:09","modified_gmt":"2022-04-19T10:25:09","slug":"a-propos-de","status":"publish","type":"page","link":"https:\/\/taconseils.fr\/index.php\/a-propos-de\/","title":{"rendered":"Etudes et conseils au service des d\u00e9cideurs du territoire"},"content":{"rendered":"\n<div class=\"wp-block-media-text alignwide is-stacked-on-mobile\" style=\"grid-template-columns:15% auto\"><figure class=\"wp-block-media-text__media\"><img loading=\"lazy\" decoding=\"async\" width=\"127\" height=\"127\" src=\"http:\/\/taconseils.fr\/wp-content\/uploads\/2020\/01\/AMO.jpg\" alt=\"\" class=\"wp-image-145 size-full\" srcset=\"https:\/\/taconseils.fr\/wp-content\/uploads\/2020\/01\/AMO.jpg 127w, https:\/\/taconseils.fr\/wp-content\/uploads\/2020\/01\/AMO-100x100.jpg 100w\" sizes=\"(max-width: 127px) 100vw, 127px\" \/><\/figure><div class=\"wp-block-media-text__content\">\n<p style=\"font-size:24px\"><strong>assistance \u00e0 ma\u00eetrise d&rsquo;ouvrage<\/strong><\/p>\n<\/div><\/div>\n\n\n\n<p>diagnostic de territoire, \u00e9laboration d&rsquo;une strat\u00e9gie concert\u00e9e, montage technique et financier de projets et plans d&rsquo;actions, d\u00e9finition d&rsquo;une gouvernance adapt\u00e9e<\/p>\n\n\n\n<div class=\"wp-block-media-text alignwide is-stacked-on-mobile\" style=\"grid-template-columns:15% auto\"><figure class=\"wp-block-media-text__media\"><img loading=\"lazy\" decoding=\"async\" width=\"119\" height=\"119\" src=\"http:\/\/taconseils.fr\/wp-content\/uploads\/2020\/01\/EVAL.jpg\" alt=\"\" class=\"wp-image-146 size-full\" srcset=\"https:\/\/taconseils.fr\/wp-content\/uploads\/2020\/01\/EVAL.jpg 119w, https:\/\/taconseils.fr\/wp-content\/uploads\/2020\/01\/EVAL-100x100.jpg 100w\" sizes=\"(max-width: 119px) 100vw, 119px\" \/><\/figure><div class=\"wp-block-media-text__content\">\n<p style=\"font-size:24px\"> <strong>\u00e9valuation de projets<\/strong> <\/p>\n<\/div><\/div>\n\n\n\n<p>\u00e0 mi-parcours, ex-ante, ex-post, l&rsquo;\u00e9valuation constructive comme levier pour les actions \u00e0 venir &#8211; pertinence, efficacit\u00e9, efficience, impact et r\u00e9plicabilit\u00e9 des op\u00e9rations <\/p>\n\n\n\n<div class=\"wp-block-media-text alignwide is-stacked-on-mobile\" style=\"grid-template-columns:15% auto\"><figure class=\"wp-block-media-text__media\"><img loading=\"lazy\" decoding=\"async\" width=\"119\" height=\"119\" src=\"http:\/\/taconseils.fr\/wp-content\/uploads\/2020\/01\/ACB.jpg\" alt=\"\" class=\"wp-image-147 size-full\" srcset=\"https:\/\/taconseils.fr\/wp-content\/uploads\/2020\/01\/ACB.jpg 119w, https:\/\/taconseils.fr\/wp-content\/uploads\/2020\/01\/ACB-100x100.jpg 100w\" sizes=\"(max-width: 119px) 100vw, 119px\" \/><\/figure><div class=\"wp-block-media-text__content\">\n<p style=\"font-size:24px\"><strong>analyse socio-\u00e9conomique<\/strong><\/p>\n<\/div><\/div>\n\n\n\n<p>analyse co\u00fbt-b\u00e9n\u00e9fice (<strong>ACB<\/strong>)&nbsp;des investissements publics et priv\u00e9s (barrages, digues, &#8230;) et analyse multi-crit\u00e8res (<strong>AMC<\/strong>) pour int\u00e9grer les enjeux non-mon\u00e9tarisables et les externalit\u00e9s (population, emplois, milieux naturels, et patrimoine)<\/p>\n\n\n\n<div class=\"wp-block-media-text alignwide is-stacked-on-mobile\" style=\"grid-template-columns:15% auto\"><figure class=\"wp-block-media-text__media\"><img loading=\"lazy\" decoding=\"async\" width=\"118\" height=\"124\" src=\"http:\/\/taconseils.fr\/wp-content\/uploads\/2020\/01\/AIDEDECISION.jpg\" alt=\"\" class=\"wp-image-148 size-full\"\/><\/figure><div class=\"wp-block-media-text__content\">\n<p style=\"font-size:24px\"><strong>aide \u00e0 la d\u00e9cision<\/strong><\/p>\n<\/div><\/div>\n\n\n\n<p>pour \u00e9clairer le d\u00e9cideur sur les implications juridiques, r\u00e9glementaires et techniques de ses choix strat\u00e9giques et d&rsquo;organisation <\/p>\n\n\n\n<div class=\"wp-block-media-text alignwide is-stacked-on-mobile\" style=\"grid-template-columns:15% auto\"><figure class=\"wp-block-media-text__media\"><img loading=\"lazy\" decoding=\"async\" width=\"134\" height=\"121\" src=\"http:\/\/taconseils.fr\/wp-content\/uploads\/2020\/01\/concertation.jpg\" alt=\"\" class=\"wp-image-149 size-full\"\/><\/figure><div class=\"wp-block-media-text__content\">\n<p style=\"font-size:24px\"><strong>actions de concertation<\/strong><\/p>\n<\/div><\/div>\n\n\n\n<p>conception, organisation et animation d&rsquo;ateliers d&rsquo;acteurs pour des projets de territoire pertinents, partag\u00e9s et soutenables <\/p>\n\n\n\n<div class=\"wp-block-media-text alignwide is-stacked-on-mobile\" style=\"grid-template-columns:15% auto\"><figure class=\"wp-block-media-text__media\"><img loading=\"lazy\" decoding=\"async\" width=\"118\" height=\"118\" src=\"http:\/\/taconseils.fr\/wp-content\/uploads\/2020\/01\/OUTILS.jpg\" alt=\"\" class=\"wp-image-150 size-full\" srcset=\"https:\/\/taconseils.fr\/wp-content\/uploads\/2020\/01\/OUTILS.jpg 118w, https:\/\/taconseils.fr\/wp-content\/uploads\/2020\/01\/OUTILS-100x100.jpg 100w\" sizes=\"(max-width: 118px) 100vw, 118px\" \/><\/figure><div class=\"wp-block-media-text__content\">\n<p style=\"font-size:18px\"><strong> autres <em>comp\u00e9tences techniques sp\u00e9cifiques<\/em> <\/strong><\/p>\n<\/div><\/div>\n\n\n\n<ul><li><em><strong>cartographie et SIG&nbsp; (QGis)&nbsp;<\/strong>: zones inondables, enjeux humains, \u00e9conomiques, environnementaux et patrimoniaux<\/em><\/li><li><em><strong>hydrologie et hydraulique <\/strong>: crues et \u00e9tiages, mod\u00e9lisation 1D et 2D (Hec-Ras, TELEMAC 2D, \u2026)<\/em><\/li><li><em><strong>solutions de pr\u00e9vision<\/strong>, d\u2019alerte et de protection contre les inondations (mesure, communication, secours)<\/em><\/li><\/ul>\n\n\n\n<p><\/p>\n\n\n\n<p><\/p>\n","protected":false},"excerpt":{"rendered":"<p>assistance \u00e0 ma\u00eetrise d&rsquo;ouvrage diagnostic de territoire, \u00e9laboration d&rsquo;une strat\u00e9gie concert\u00e9e, montage technique et financier de projets et plans d&rsquo;actions, d\u00e9finition d&rsquo;une gouvernance adapt\u00e9e \u00e9valuation de projets \u00e0 mi-parcours, ex-ante, ex-post, l&rsquo;\u00e9valuation constructive comme levier pour les actions \u00e0 venir &#8211; pertinence, efficacit\u00e9, efficience, impact et r\u00e9plicabilit\u00e9 des op\u00e9rations analyse socio-\u00e9conomique analyse co\u00fbt-b\u00e9n\u00e9fice (ACB)&nbsp;des investissements &hellip; <\/p>\n<p class=\"link-more\"><a href=\"https:\/\/taconseils.fr\/index.php\/a-propos-de\/\" class=\"more-link\">Continuer la lecture<span class=\"screen-reader-text\"> de &laquo;&nbsp;Etudes et conseils au service des d\u00e9cideurs du territoire&nbsp;&raquo;<\/span><\/a><\/p>\n","protected":false},"author":1,"featured_media":81,"parent":0,"menu_order":0,"comment_status":"closed","ping_status":"closed","template":"","meta":{"ngg_post_thumbnail":0,"footnotes":""},"_links":{"self":[{"href":"https:\/\/taconseils.fr\/index.php\/wp-json\/wp\/v2\/pages\/9"}],"collection":[{"href":"https:\/\/taconseils.fr\/index.php\/wp-json\/wp\/v2\/pages"}],"about":[{"href":"https:\/\/taconseils.fr\/index.php\/wp-json\/wp\/v2\/types\/page"}],"author":[{"embeddable":true,"href":"https:\/\/taconseils.fr\/index.php\/wp-json\/wp\/v2\/users\/1"}],"replies":[{"embeddable":true,"href":"https:\/\/taconseils.fr\/index.php\/wp-json\/wp\/v2\/comments?post=9"}],"version-history":[{"count":7,"href":"https:\/\/taconseils.fr\/index.php\/wp-json\/wp\/v2\/pages\/9\/revisions"}],"predecessor-version":[{"id":284,"href":"https:\/\/taconseils.fr\/index.php\/wp-json\/wp\/v2\/pages\/9\/revisions\/284"}],"wp:featuredmedia":[{"embeddable":true,"href":"https:\/\/taconseils.fr\/index.php\/wp-json\/wp\/v2\/media\/81"}],"wp:attachment":[{"href":"https:\/\/taconseils.fr\/index.php\/wp-json\/wp\/v2\/media?parent=9"}],"curies":[{"name":"wp","href":"https:\/\/api.w.org\/{rel}","templated":true}]}}